{"id":6,"date":"2014-10-02T05:31:55","date_gmt":"2014-10-02T04:31:55","guid":{"rendered":"http:\/\/pexetothemes.com\/demos\/story_demos\/agency\/?page_id=6"},"modified":"2025-04-17T22:32:05","modified_gmt":"2025-04-17T21:32:05","slug":"a-propos","status":"publish","type":"page","link":"https:\/\/www.art-de-vivre-en-veranda.com\/avv2\/a-propos\/","title":{"rendered":"\u00c0 propos"},"content":{"rendered":"<div class=\"section-full-width section-light2\" style=\"background-color:#333333;\" id=\"section-1\"><div class=\"section-boxed\" style=\"color:#777777;\"><\/p>\n<h4 style=\"text-align: center;\"><span style=\"color: #a3a3a3;\"> Art de Vivre en V\u00e9randa et ses g\u00e9rants Ren\u00e9 PADERN et Micka\u00ebl PADERN vous souhaitent la bienvenue sur ce site.<\/br><br \/>\nD\u00e9couvre les r\u00e9alisations, la qualit\u00e9 et le service des experts de l&rsquo;art de vivre en v\u00e9randa avec 30 ans d&rsquo;exp\u00e9rience pour r\u00e9ussir ensemble votre projet.<\/span><\/h4>\n<p>\n<\/div><\/div>\n<div class=\"section-full-width section-light2\" style=\"background-color:#f5f4f0;\" id=\"zonedactivit\u00e9\"><div class=\"section-boxed\" style=\"color:#777777;\"><h2 class=\"section-title\" style=\"color:#878787;\">Zone d'activit\u00e9<\/h2><\/p>\n<h4 style=\"text-align: center;\"><span style=\"color: #878787;\">Art de Vivre en V\u00e9randa est localis\u00e9 \u00e0 Orl\u00e9ans, dans le 45 et vous propose ses services dans la France enti\u00e8re.<\/span><\/h4>\n<p>\n<\/div><\/div>\n","protected":false},"excerpt":{"rendered":"","protected":false},"author":1,"featured_media":0,"parent":0,"menu_order":0,"comment_status":"closed","ping_status":"closed","template":"template-full-custom.php","meta":{"footnotes":""},"class_list":["post-6","page","type-page","status-publish","hentry"],"_links":{"self":[{"href":"https:\/\/www.art-de-vivre-en-veranda.com\/avv2\/wp-json\/wp\/v2\/pages\/6","targetHints":{"allow":["GET"]}}],"collection":[{"href":"https:\/\/www.art-de-vivre-en-veranda.com\/avv2\/wp-json\/wp\/v2\/pages"}],"about":[{"href":"https:\/\/www.art-de-vivre-en-veranda.com\/avv2\/wp-json\/wp\/v2\/types\/page"}],"author":[{"embeddable":true,"href":"https:\/\/www.art-de-vivre-en-veranda.com\/avv2\/wp-json\/wp\/v2\/users\/1"}],"replies":[{"embeddable":true,"href":"https:\/\/www.art-de-vivre-en-veranda.com\/avv2\/wp-json\/wp\/v2\/comments?post=6"}],"version-history":[{"count":14,"href":"https:\/\/www.art-de-vivre-en-veranda.com\/avv2\/wp-json\/wp\/v2\/pages\/6\/revisions"}],"predecessor-version":[{"id":5773,"href":"https:\/\/www.art-de-vivre-en-veranda.com\/avv2\/wp-json\/wp\/v2\/pages\/6\/revisions\/5773"}],"wp:attachment":[{"href":"https:\/\/www.art-de-vivre-en-veranda.com\/avv2\/wp-json\/wp\/v2\/media?parent=6"}],"curies":[{"name":"wp","href":"https:\/\/api.w.org\/{rel}","templated":true}]}}