{"id":490,"date":"2016-03-12T03:19:50","date_gmt":"2016-03-12T02:19:50","guid":{"rendered":"http:\/\/www.art-de-vivre-en-veranda.com\/avv2\/?page_id=490"},"modified":"2025-04-17T23:06:01","modified_gmt":"2025-04-17T22:06:01","slug":"reportages","status":"publish","type":"page","link":"https:\/\/www.art-de-vivre-en-veranda.com\/avv2\/reportages\/","title":{"rendered":"Reportages"},"content":{"rendered":"<p>Reportages : ils parlent de nous.<br \/>\n<div class=\"quick-gallery\"><div class=\"qg-img qg-no-title\" data-defwidth=\"383\"><a href=\"https:\/\/www.art-de-vivre-en-veranda.com\/avv2\/wp-content\/uploads\/2016\/03\/couverture.jpg\" data-rel=\"lightbox[group-4901]\" title=\"\" ><img decoding=\"async\" src=\"https:\/\/www.art-de-vivre-en-veranda.com\/avv2\/wp-content\/uploads\/2016\/03\/couverture-383x250.jpg\" alt=\"couverture R\u00e9ussir sa v\u00e9randa \u00e9cologie orl\u00e9ans\"\/><div class=\"qg-overlay\"><span class=\"icon-circle\"><span class=\"pg-icon lightbox-icon\"><\/span><\/span><\/div><\/a><\/div><div class=\"qg-img qg-no-title\" data-defwidth=\"383\"><a href=\"https:\/\/www.art-de-vivre-en-veranda.com\/avv2\/wp-content\/uploads\/2016\/03\/article.jpg\" data-rel=\"lightbox[group-4901]\" title=\"\" ><img decoding=\"async\" src=\"https:\/\/www.art-de-vivre-en-veranda.com\/avv2\/wp-content\/uploads\/2016\/03\/article-383x250.jpg\" alt=\"V\u00e9randa en bois orl\u00e9ans article journal\"\/><div class=\"qg-overlay\"><span class=\"icon-circle\"><span class=\"pg-icon lightbox-icon\"><\/span><\/span><\/div><\/a><\/div><div class=\"qg-img qg-no-title\" data-defwidth=\"383\"><a href=\"https:\/\/www.art-de-vivre-en-veranda.com\/avv2\/wp-content\/uploads\/2016\/03\/CCF29092013_00002_pp.jpg\" data-rel=\"lightbox[group-4901]\" title=\"\" ><img decoding=\"async\" src=\"https:\/\/www.art-de-vivre-en-veranda.com\/avv2\/wp-content\/uploads\/2016\/03\/CCF29092013_00002_pp-383x250.jpg\" alt=\"Bois confort et authenticit\u00e9 article journal v\u00e9randas\"\/><div class=\"qg-overlay\"><span class=\"icon-circle\"><span class=\"pg-icon lightbox-icon\"><\/span><\/span><\/div><\/a><\/div><div class=\"qg-img qg-no-title\" data-defwidth=\"383\"><a href=\"https:\/\/www.art-de-vivre-en-veranda.com\/avv2\/wp-content\/uploads\/2016\/03\/CCF29092013_00003_pp.jpg\" data-rel=\"lightbox[group-4901]\" title=\"\" ><img decoding=\"async\" src=\"https:\/\/www.art-de-vivre-en-veranda.com\/avv2\/wp-content\/uploads\/2016\/03\/CCF29092013_00003_pp-383x250.jpg\" alt=\"Bois et Aluminium article v\u00e9randa journal\"\/><div class=\"qg-overlay\"><span class=\"icon-circle\"><span class=\"pg-icon lightbox-icon\"><\/span><\/span><\/div><\/a><\/div><div class=\"qg-img qg-no-title\" data-defwidth=\"383\"><a href=\"https:\/\/www.art-de-vivre-en-veranda.com\/avv2\/wp-content\/uploads\/2016\/03\/CCF29092013_00001_pp.jpg\" data-rel=\"lightbox[group-4901]\" title=\"\" ><img decoding=\"async\" src=\"https:\/\/www.art-de-vivre-en-veranda.com\/avv2\/wp-content\/uploads\/2016\/03\/CCF29092013_00001_pp-383x250.jpg\" alt=\"bois aluminium article de journal v\u00e9randa\"\/><div class=\"qg-overlay\"><span class=\"icon-circle\"><span class=\"pg-icon lightbox-icon\"><\/span><\/span><\/div><\/a><\/div><div class=\"qg-img\" data-defwidth=\"383\"><a href=\"https:\/\/www.art-de-vivre-en-veranda.com\/avv2\/wp-content\/uploads\/2016\/03\/alfra.jpg\" data-rel=\"lightbox[group-4901]\" title=\"alfra\" ><img decoding=\"async\" src=\"https:\/\/www.art-de-vivre-en-veranda.com\/avv2\/wp-content\/uploads\/2016\/03\/alfra-383x250.jpg\" alt=\"alfra\"\/><div class=\"qg-overlay\"><span class=\"icon-circle\"><span class=\"pg-icon lightbox-icon\"><\/span><\/span><span class=\"qg-title\">alfra<\/span><\/div><\/a><\/div><div class=\"qg-img\" data-defwidth=\"383\"><a href=\"https:\/\/www.art-de-vivre-en-veranda.com\/avv2\/wp-content\/uploads\/2016\/03\/CCF29092013_00000_pp.jpg\" data-rel=\"lightbox[group-4901]\" title=\"CCF29092013 00000 pp\" ><img decoding=\"async\" src=\"https:\/\/www.art-de-vivre-en-veranda.com\/avv2\/wp-content\/uploads\/2016\/03\/CCF29092013_00000_pp-383x250.jpg\" alt=\"CCF29092013 00000 pp\"\/><div class=\"qg-overlay\"><span class=\"icon-circle\"><span class=\"pg-icon lightbox-icon\"><\/span><\/span><span class=\"qg-title\">CCF29092013 00000 pp<\/span><\/div><\/a><\/div><div class=\"clear\"><\/div><\/div><\/p>\n","protected":false},"excerpt":{"rendered":"<p>Reportages : ils parlent de nous.<\/p>\n","protected":false},"author":1,"featured_media":0,"parent":0,"menu_order":0,"comment_status":"closed","ping_status":"closed","template":"","meta":{"footnotes":""},"class_list":["post-490","page","type-page","status-publish","hentry"],"_links":{"self":[{"href":"https:\/\/www.art-de-vivre-en-veranda.com\/avv2\/wp-json\/wp\/v2\/pages\/490","targetHints":{"allow":["GET"]}}],"collection":[{"href":"https:\/\/www.art-de-vivre-en-veranda.com\/avv2\/wp-json\/wp\/v2\/pages"}],"about":[{"href":"https:\/\/www.art-de-vivre-en-veranda.com\/avv2\/wp-json\/wp\/v2\/types\/page"}],"author":[{"embeddable":true,"href":"https:\/\/www.art-de-vivre-en-veranda.com\/avv2\/wp-json\/wp\/v2\/users\/1"}],"replies":[{"embeddable":true,"href":"https:\/\/www.art-de-vivre-en-veranda.com\/avv2\/wp-json\/wp\/v2\/comments?post=490"}],"version-history":[{"count":10,"href":"https:\/\/www.art-de-vivre-en-veranda.com\/avv2\/wp-json\/wp\/v2\/pages\/490\/revisions"}],"predecessor-version":[{"id":5783,"href":"https:\/\/www.art-de-vivre-en-veranda.com\/avv2\/wp-json\/wp\/v2\/pages\/490\/revisions\/5783"}],"wp:attachment":[{"href":"https:\/\/www.art-de-vivre-en-veranda.com\/avv2\/wp-json\/wp\/v2\/media?parent=490"}],"curies":[{"name":"wp","href":"https:\/\/api.w.org\/{rel}","templated":true}]}}